{"id":5814,"date":"2023-10-03T10:13:20","date_gmt":"2023-10-03T08:13:20","guid":{"rendered":"https:\/\/koningendrenth.nl\/?page_id=5814"},"modified":"2023-10-03T10:13:21","modified_gmt":"2023-10-03T08:13:21","slug":"kippertransport","status":"publish","type":"page","link":"https:\/\/koningendrenth.nl\/de\/kippertransport\/","title":{"rendered":"Kippertransport"},"content":{"rendered":"<div id=\"pl-5814\"  class=\"panel-layout\" ><div id=\"pg-5814-0\"  class=\"panel-grid panel-has-style\" ><div class=\"panel-row-style panel-row-style-for-5814-0\" ><div id=\"pgc-5814-0-0\"  class=\"panel-grid-cell\" ><div id=\"panel-5814-0-0-0\" class=\"so-panel widget widget_sow-editor panel-first-child\" data-index=\"0\" ><div\n\t\t\t\n\t\t\tclass=\"so-widget-sow-editor so-widget-sow-editor-base\"\n\t\t\t\n\t\t>\n<div class=\"siteorigin-widget-tinymce textwidget\">\n\t<h1>Kippertransport<\/h1>\n<p>Dieser Anh\u00e4nger eignet sich hervorragend f\u00fcr den Transport und das schnelle Entladen von Sch\u00fcttgut wie Sand, Kies, Erde, Stein, Getreide und anderen Sch\u00fcttg\u00fctern.<\/p>\n<\/div>\n<\/div><\/div><div id=\"panel-5814-0-0-1\" class=\"so-panel widget widget_sow-button panel-last-child\" data-index=\"1\" ><div\n\t\t\t\n\t\t\tclass=\"so-widget-sow-button so-widget-sow-button-flat-7ab491da5ded-5814\"\n\t\t\t\n\t\t><div class=\"ow-button-base ow-button-align-left\"\n>\n\t\t\t<a\n\t\t\t\t\thref=\"https:\/\/koningendrenth.nl\/offerte-aanvragen\/\"\n\t\t\t\t\tclass=\"sowb-button ow-icon-placement-left ow-button-hover\" \t>\n\t\t<span>\n\t\t\t\n\t\t\tOfferte aanvragen\t\t<\/span>\n\t\t\t<\/a>\n\t<\/div>\n<\/div><\/div><\/div><div id=\"pgc-5814-0-1\"  class=\"panel-grid-cell\" ><div id=\"panel-5814-0-1-0\" class=\"so-panel widget widget_sow-image panel-first-child panel-last-child\" data-index=\"2\" ><div\n\t\t\t\n\t\t\tclass=\"so-widget-sow-image so-widget-sow-image-default-8b5b6f678277-5814\"\n\t\t\t data-overlay-enabled=\"1\" data-overlay-settings=\"{&quot;enabled_for_widgets&quot;:[&quot;sow-image&quot;,&quot;sow-image-grid&quot;,&quot;sow-simple-masonry&quot;],&quot;theme&quot;:&quot;&quot;,&quot;show_delay&quot;:300,&quot;overlay_color&quot;:&quot;#000000&quot;,&quot;overlay_opacity&quot;:0.8,&quot;overlay_position&quot;:&quot;bottom&quot;,&quot;overlay_size&quot;:0.3,&quot;desktop_show_trigger&quot;:&quot;hover&quot;,&quot;touch_show_trigger&quot;:&quot;touch&quot;,&quot;responsive_breakpoint&quot;:&quot;1024px&quot;,&quot;responsive_breakpoint_unit&quot;:&quot;px&quot;,&quot;overlay_animation&quot;:&quot;fade&quot;,&quot;overlay_animation_onscreen&quot;:false,&quot;font_family&quot;:&quot;&quot;,&quot;text_size&quot;:&quot;15px&quot;,&quot;text_size_unit&quot;:&quot;px&quot;,&quot;text_color&quot;:&quot;#fff&quot;,&quot;text_padding&quot;:&quot;22px 22px 22px 22px&quot;,&quot;text_position&quot;:&quot;middle&quot;,&quot;text_align&quot;:&quot;left&quot;,&quot;text_animation&quot;:&quot;&quot;}\"\n\t\t>\n<div class=\"sow-image-container\">\n\t\t<img \n\tsrc=\"https:\/\/koningendrenth.nl\/wp-content\/uploads\/2021\/02\/e42b815d-3799-444f-9da8-950919ca200a.jpg\" width=\"1600\" height=\"777\" srcset=\"https:\/\/koningendrenth.nl\/wp-content\/uploads\/2021\/02\/e42b815d-3799-444f-9da8-950919ca200a.jpg 1600w, https:\/\/koningendrenth.nl\/wp-content\/uploads\/2021\/02\/e42b815d-3799-444f-9da8-950919ca200a-300x146.jpg 300w, https:\/\/koningendrenth.nl\/wp-content\/uploads\/2021\/02\/e42b815d-3799-444f-9da8-950919ca200a-1024x497.jpg 1024w, https:\/\/koningendrenth.nl\/wp-content\/uploads\/2021\/02\/e42b815d-3799-444f-9da8-950919ca200a-768x373.jpg 768w, https:\/\/koningendrenth.nl\/wp-content\/uploads\/2021\/02\/e42b815d-3799-444f-9da8-950919ca200a-1536x746.jpg 1536w\" sizes=\"(max-width: 1600px) 100vw, 1600px\" alt=\"dtc bulkoplegger\" \t\tclass=\"so-widget-image\"\/>\n\t<\/div>\n\n<\/div><\/div><\/div><\/div><\/div><div id=\"pg-5814-1\"  class=\"panel-grid panel-has-style\" ><div class=\"siteorigin-panels-stretch panel-row-style panel-row-style-for-5814-1\" data-stretch-type=\"full\" ><div id=\"pgc-5814-1-0\"  class=\"panel-grid-cell\" ><div id=\"panel-5814-1-0-0\" class=\"so-panel widget widget_sow-headline panel-first-child panel-last-child\" data-index=\"3\" ><div\n\t\t\t\n\t\t\tclass=\"so-widget-sow-headline so-widget-sow-headline-default-a7238520cc24-5814\"\n\t\t\t\n\t\t><div class=\"sow-headline-container \">\n\t\t\t\t\t\t\t<h2 class=\"sow-headline\">\n\t\t\t\t\t\tWie funktioniert er?\t\t\t\t\t\t<\/h2>\n\t\t\t\t\t\t\t\t\t\t\t<div class=\"decoration\">\n\t\t\t\t\t\t<div class=\"decoration-inside\"><\/div>\n\t\t\t\t\t<\/div>\n\t\t\t\t\t<\/div>\n<\/div><\/div><\/div><\/div><\/div><div id=\"pg-5814-2\"  class=\"panel-grid panel-has-style\" ><div class=\"siteorigin-panels-stretch panel-row-style panel-row-style-for-5814-2\" data-stretch-type=\"full\" ><div id=\"pgc-5814-2-0\"  class=\"panel-grid-cell\" ><div id=\"panel-5814-2-0-0\" class=\"so-panel widget widget_sow-editor panel-first-child panel-last-child\" data-index=\"4\" ><div class=\"checkbox-ul  panel-widget-style panel-widget-style-for-5814-2-0-0\" ><div\n\t\t\t\n\t\t\tclass=\"so-widget-sow-editor so-widget-sow-editor-base\"\n\t\t\t\n\t\t>\n<div class=\"siteorigin-widget-tinymce textwidget\">\n\t<p>Ein Kippwagen ist ein einzigartiges Transportmittel, das mit einer speziell kippbaren Ladefl\u00e4che ausgestattet ist. Mit Hilfe eines fortschrittlichen Hydrauliksystems k\u00f6nnen wir Ihr Sch\u00fcttgut schnell entladen.<\/p>\n<p>Unsere Kipper k\u00f6nnen in den Bereichen Industrie, Recycling und Landwirtschaft eingesetzt werden.<\/p>\n<p><strong><span style=\"color: #fe5514;\"><a style=\"color: #fe5514;\" href=\"https:\/\/koningendrenth.nl\/de\/angebot\/\"><span style=\"text-decoration: underline;\">Fordern Sie hier Ihr Angebot an<\/span> &gt;<\/a><\/span><\/strong><\/p>\n<\/div>\n<\/div><\/div><\/div><\/div><div id=\"pgc-5814-2-1\"  class=\"panel-grid-cell\" ><div id=\"panel-5814-2-1-0\" class=\"so-panel widget widget_sow-image panel-first-child panel-last-child\" data-index=\"5\" ><div\n\t\t\t\n\t\t\tclass=\"so-widget-sow-image so-widget-sow-image-default-8b5b6f678277-5814\"\n\t\t\t data-overlay-enabled=\"1\" data-overlay-settings=\"{&quot;enabled_for_widgets&quot;:[&quot;sow-image&quot;,&quot;sow-image-grid&quot;,&quot;sow-simple-masonry&quot;],&quot;theme&quot;:&quot;&quot;,&quot;show_delay&quot;:300,&quot;overlay_color&quot;:&quot;#000000&quot;,&quot;overlay_opacity&quot;:0.8,&quot;overlay_position&quot;:&quot;bottom&quot;,&quot;overlay_size&quot;:0.3,&quot;desktop_show_trigger&quot;:&quot;hover&quot;,&quot;touch_show_trigger&quot;:&quot;touch&quot;,&quot;responsive_breakpoint&quot;:&quot;1024px&quot;,&quot;responsive_breakpoint_unit&quot;:&quot;px&quot;,&quot;overlay_animation&quot;:&quot;fade&quot;,&quot;overlay_animation_onscreen&quot;:false,&quot;font_family&quot;:&quot;&quot;,&quot;text_size&quot;:&quot;15px&quot;,&quot;text_size_unit&quot;:&quot;px&quot;,&quot;text_color&quot;:&quot;#fff&quot;,&quot;text_padding&quot;:&quot;22px 22px 22px 22px&quot;,&quot;text_position&quot;:&quot;middle&quot;,&quot;text_align&quot;:&quot;left&quot;,&quot;text_animation&quot;:&quot;&quot;}\"\n\t\t>\n<div class=\"sow-image-container\">\n\t\t<img \n\tsrc=\"https:\/\/koningendrenth.nl\/wp-content\/uploads\/2021\/02\/6fc1ef01-bb16-4591-b709-de534b4d68dc.jpg\" width=\"1600\" height=\"777\" srcset=\"https:\/\/koningendrenth.nl\/wp-content\/uploads\/2021\/02\/6fc1ef01-bb16-4591-b709-de534b4d68dc.jpg 1600w, https:\/\/koningendrenth.nl\/wp-content\/uploads\/2021\/02\/6fc1ef01-bb16-4591-b709-de534b4d68dc-300x146.jpg 300w, https:\/\/koningendrenth.nl\/wp-content\/uploads\/2021\/02\/6fc1ef01-bb16-4591-b709-de534b4d68dc-1024x497.jpg 1024w, https:\/\/koningendrenth.nl\/wp-content\/uploads\/2021\/02\/6fc1ef01-bb16-4591-b709-de534b4d68dc-768x373.jpg 768w, https:\/\/koningendrenth.nl\/wp-content\/uploads\/2021\/02\/6fc1ef01-bb16-4591-b709-de534b4d68dc-1536x746.jpg 1536w\" sizes=\"(max-width: 1600px) 100vw, 1600px\" alt=\"dtc bulkoplegger 3\" \t\tclass=\"so-widget-image\"\/>\n\t<\/div>\n\n<\/div><\/div><\/div><\/div><\/div><div id=\"pg-5814-3\"  class=\"panel-grid panel-has-style\" ><div class=\"siteorigin-panels-stretch panel-row-style panel-row-style-for-5814-3\" data-stretch-type=\"full\" ><div id=\"pgc-5814-3-0\"  class=\"panel-grid-cell\" ><div id=\"panel-5814-3-0-0\" class=\"so-panel widget widget_sow-headline panel-first-child panel-last-child\" data-index=\"6\" ><div\n\t\t\t\n\t\t\tclass=\"so-widget-sow-headline so-widget-sow-headline-default-40d925011d57-5814\"\n\t\t\t\n\t\t><div class=\"sow-headline-container \">\n\t\t\t\t\t\t\t<h1 class=\"sow-headline\">\n\t\t\t\t\t\tKontaktieren Sie uns\t\t\t\t\t\t<\/h1>\n\t\t\t\t\t\t<\/div>\n<\/div><\/div><\/div><\/div><\/div><div id=\"pg-5814-4\"  class=\"panel-grid panel-has-style\" ><div class=\"siteorigin-panels-stretch panel-row-style panel-row-style-for-5814-4\" data-stretch-type=\"full\" ><div id=\"pgc-5814-4-0\"  class=\"panel-grid-cell\" ><div id=\"panel-5814-4-0-0\" class=\"so-panel widget widget_sow-image panel-first-child\" data-index=\"7\" ><div class=\"panel-widget-style panel-widget-style-for-5814-4-0-0\" ><div\n\t\t\t\n\t\t\tclass=\"so-widget-sow-image so-widget-sow-image-default-c67d20f9f743-5814\"\n\t\t\t data-overlay-enabled=\"1\" data-overlay-settings=\"{&quot;enabled_for_widgets&quot;:[&quot;sow-image&quot;,&quot;sow-image-grid&quot;,&quot;sow-simple-masonry&quot;],&quot;theme&quot;:&quot;&quot;,&quot;show_delay&quot;:300,&quot;overlay_color&quot;:&quot;#000000&quot;,&quot;overlay_opacity&quot;:0.8,&quot;overlay_position&quot;:&quot;bottom&quot;,&quot;overlay_size&quot;:0.3,&quot;desktop_show_trigger&quot;:&quot;hover&quot;,&quot;touch_show_trigger&quot;:&quot;touch&quot;,&quot;responsive_breakpoint&quot;:&quot;1024px&quot;,&quot;responsive_breakpoint_unit&quot;:&quot;px&quot;,&quot;overlay_animation&quot;:&quot;fade&quot;,&quot;overlay_animation_onscreen&quot;:false,&quot;font_family&quot;:&quot;&quot;,&quot;text_size&quot;:&quot;15px&quot;,&quot;text_size_unit&quot;:&quot;px&quot;,&quot;text_color&quot;:&quot;#fff&quot;,&quot;text_padding&quot;:&quot;22px 22px 22px 22px&quot;,&quot;text_position&quot;:&quot;middle&quot;,&quot;text_align&quot;:&quot;left&quot;,&quot;text_animation&quot;:&quot;&quot;}\"\n\t\t>\n<div class=\"sow-image-container\">\n\t\t<img \n\tsrc=\"https:\/\/koningendrenth.nl\/wp-content\/uploads\/2021\/10\/rsz_studio_charles-dtc-14-e1634736872581.png\" width=\"600\" height=\"400\" sizes=\"(max-width: 600px) 100vw, 600px\" title=\"portretfoto louw van der west\" alt=\"portretfoto louw van der west\" \t\tclass=\"so-widget-image\"\/>\n\t<\/div>\n\n<\/div><\/div><\/div><div id=\"panel-5814-4-0-1\" class=\"so-panel widget widget_sow-editor panel-last-child\" data-index=\"8\" ><div class=\"checkbox-ul  panel-widget-style panel-widget-style-for-5814-4-0-1\" ><div\n\t\t\t\n\t\t\tclass=\"so-widget-sow-editor so-widget-sow-editor-base\"\n\t\t\t\n\t\t>\n<div class=\"siteorigin-widget-tinymce textwidget\">\n\t<h3 style=\"text-align: center;\">Louw van der west<\/h3>\n<p style=\"text-align: center;\">Financieel directeur<\/p>\n<p style=\"text-align: center;\"><span style=\"text-decoration: underline;\"><a href=\"mailto:Louw@dtcsurhuisterveen.nl\">Louw@dtcsurhuisterveen.nl<\/a><\/span><\/p>\n<\/div>\n<\/div><\/div><\/div><\/div><div id=\"pgc-5814-4-1\"  class=\"panel-grid-cell\" ><div id=\"panel-5814-4-1-0\" class=\"so-panel widget widget_sow-image panel-first-child\" data-index=\"9\" ><div class=\"panel-widget-style panel-widget-style-for-5814-4-1-0\" ><div\n\t\t\t\n\t\t\tclass=\"so-widget-sow-image so-widget-sow-image-default-c67d20f9f743-5814\"\n\t\t\t data-overlay-enabled=\"1\" data-overlay-settings=\"{&quot;enabled_for_widgets&quot;:[&quot;sow-image&quot;,&quot;sow-image-grid&quot;,&quot;sow-simple-masonry&quot;],&quot;theme&quot;:&quot;&quot;,&quot;show_delay&quot;:300,&quot;overlay_color&quot;:&quot;#000000&quot;,&quot;overlay_opacity&quot;:0.8,&quot;overlay_position&quot;:&quot;bottom&quot;,&quot;overlay_size&quot;:0.3,&quot;desktop_show_trigger&quot;:&quot;hover&quot;,&quot;touch_show_trigger&quot;:&quot;touch&quot;,&quot;responsive_breakpoint&quot;:&quot;1024px&quot;,&quot;responsive_breakpoint_unit&quot;:&quot;px&quot;,&quot;overlay_animation&quot;:&quot;fade&quot;,&quot;overlay_animation_onscreen&quot;:false,&quot;font_family&quot;:&quot;&quot;,&quot;text_size&quot;:&quot;15px&quot;,&quot;text_size_unit&quot;:&quot;px&quot;,&quot;text_color&quot;:&quot;#fff&quot;,&quot;text_padding&quot;:&quot;22px 22px 22px 22px&quot;,&quot;text_position&quot;:&quot;middle&quot;,&quot;text_align&quot;:&quot;left&quot;,&quot;text_animation&quot;:&quot;&quot;}\"\n\t\t>\n<div class=\"sow-image-container\">\n\t\t<img \n\tsrc=\"https:\/\/koningendrenth.nl\/wp-content\/uploads\/2021\/10\/rsz_studio_charles-dtc-06-e1634029745421.png\" width=\"600\" height=\"400\" sizes=\"(max-width: 600px) 100vw, 600px\" alt=\"portretfoto tom\" \t\tclass=\"so-widget-image\"\/>\n\t<\/div>\n\n<\/div><\/div><\/div><div id=\"panel-5814-4-1-1\" class=\"so-panel widget widget_sow-editor panel-last-child\" data-index=\"10\" ><div class=\"checkbox-ul  panel-widget-style panel-widget-style-for-5814-4-1-1\" ><div\n\t\t\t\n\t\t\tclass=\"so-widget-sow-editor so-widget-sow-editor-base\"\n\t\t\t\n\t\t>\n<div class=\"siteorigin-widget-tinymce textwidget\">\n\t<h3 style=\"text-align: center;\">Tom bartol<\/h3>\n<p style=\"text-align: center;\">Planning<\/p>\n<p style=\"text-align: center;\"><span style=\"text-decoration: underline;\"><a href=\"mailto:tom@dtcsurhuisterveen.nl\">Tom@dtcsurhuisterveen.nl<\/a><\/span><\/p>\n<\/div>\n<\/div><\/div><\/div><\/div><\/div><\/div><div id=\"pg-5814-5\"  class=\"panel-grid panel-has-style\" ><div class=\"siteorigin-panels-stretch panel-row-style panel-row-style-for-5814-5\" data-stretch-type=\"full-stretched\" ><div id=\"pgc-5814-5-0\"  class=\"panel-grid-cell\" ><div id=\"panel-5814-5-0-0\" class=\"so-panel widget widget_so-premium-mirror-widget panel-first-child panel-last-child\" data-index=\"11\" ><div\n\t\t\t\n\t\t\tclass=\"so-widget-so-premium-mirror-widget so-widget-so-premium-mirror-widget-default-d75171398898-5814\"\n\t\t\t\n\t\t><\/div><\/div><\/div><\/div><\/div><\/div>","protected":false},"excerpt":{"rendered":"<p>Kippertransport Dieser Anh\u00e4nger eignet sich hervorragend f\u00fcr den Transport und das schnelle Entladen von Sch\u00fcttgut wie Sand, Kies, Erde, Stein, Getreide und anderen Sch\u00fcttg\u00fctern.<\/p>\n","protected":false},"author":5,"featured_media":0,"parent":0,"menu_order":0,"comment_status":"closed","ping_status":"closed","template":"","meta":{"_acf_changed":false,"_genesis_hide_title":false,"_genesis_hide_breadcrumbs":false,"_genesis_hide_singular_image":false,"_genesis_hide_footer_widgets":false,"_genesis_custom_body_class":"","_genesis_custom_post_class":"","_genesis_layout":"","footnotes":""},"class_list":{"0":"post-5814","1":"page","2":"type-page","3":"status-publish","5":"entry"},"acf":[],"_links":{"self":[{"href":"https:\/\/koningendrenth.nl\/de\/wp-json\/wp\/v2\/pages\/5814","targetHints":{"allow":["GET"]}}],"collection":[{"href":"https:\/\/koningendrenth.nl\/de\/wp-json\/wp\/v2\/pages"}],"about":[{"href":"https:\/\/koningendrenth.nl\/de\/wp-json\/wp\/v2\/types\/page"}],"author":[{"embeddable":true,"href":"https:\/\/koningendrenth.nl\/de\/wp-json\/wp\/v2\/users\/5"}],"replies":[{"embeddable":true,"href":"https:\/\/koningendrenth.nl\/de\/wp-json\/wp\/v2\/comments?post=5814"}],"version-history":[{"count":0,"href":"https:\/\/koningendrenth.nl\/de\/wp-json\/wp\/v2\/pages\/5814\/revisions"}],"wp:attachment":[{"href":"https:\/\/koningendrenth.nl\/de\/wp-json\/wp\/v2\/media?parent=5814"}],"curies":[{"name":"wp","href":"https:\/\/api.w.org\/{rel}","templated":true}]}}