{"id":4627,"date":"2020-12-08T14:06:16","date_gmt":"2020-12-08T13:06:16","guid":{"rendered":"https:\/\/koningendrenth.nl\/dienstleistungen\/"},"modified":"2024-01-17T15:57:37","modified_gmt":"2024-01-17T14:57:37","slug":"dienstleistungen","status":"publish","type":"page","link":"https:\/\/koningendrenth.nl\/de\/dienstleistungen\/","title":{"rendered":"Dienstleistungen"},"content":{"rendered":"<div id=\"pl-4627\"  class=\"panel-layout\" ><div id=\"pg-4627-0\"  class=\"panel-grid panel-no-style\" ><div id=\"pgc-4627-0-0\"  class=\"panel-grid-cell\" ><div id=\"panel-4627-0-0-0\" class=\"so-panel widget widget_sow-headline panel-first-child panel-last-child\" data-index=\"0\" ><div\n\t\t\t\n\t\t\tclass=\"so-widget-sow-headline so-widget-sow-headline-default-6b52635ceda7-4627\"\n\t\t\t\n\t\t><div class=\"sow-headline-container \">\n\t\t\t\t\t\t\t<h1 class=\"sow-headline\">\n\t\t\t\t\t\tDienstleistungen\t\t\t\t\t\t<\/h1>\n\t\t\t\t\t\t<\/div>\n<\/div><\/div><\/div><\/div><div id=\"pg-4627-1\"  class=\"panel-grid panel-no-style\" ><div id=\"pgc-4627-1-0\"  class=\"panel-grid-cell\" ><div id=\"panel-4627-1-0-0\" class=\"so-panel widget widget_sow-image panel-first-child panel-last-child\" data-index=\"1\" ><div\n\t\t\t\n\t\t\tclass=\"so-widget-sow-image so-widget-sow-image-default-4e6925654b7a-4627\"\n\t\t\t data-overlay-enabled=\"1\" data-overlay-settings=\"{&quot;enabled_for_widgets&quot;:[&quot;sow-image&quot;,&quot;sow-image-grid&quot;,&quot;sow-simple-masonry&quot;],&quot;theme&quot;:&quot;&quot;,&quot;show_delay&quot;:300,&quot;overlay_color&quot;:&quot;#000000&quot;,&quot;overlay_opacity&quot;:0.8,&quot;overlay_position&quot;:&quot;bottom&quot;,&quot;overlay_size&quot;:0.3,&quot;desktop_show_trigger&quot;:&quot;hover&quot;,&quot;touch_show_trigger&quot;:&quot;touch&quot;,&quot;responsive_breakpoint&quot;:&quot;1024px&quot;,&quot;responsive_breakpoint_unit&quot;:&quot;px&quot;,&quot;overlay_animation&quot;:&quot;fade&quot;,&quot;overlay_animation_onscreen&quot;:false,&quot;font_family&quot;:&quot;&quot;,&quot;text_size&quot;:&quot;15px&quot;,&quot;text_size_unit&quot;:&quot;px&quot;,&quot;text_color&quot;:&quot;#fff&quot;,&quot;text_padding&quot;:&quot;22px 22px 22px 22px&quot;,&quot;text_position&quot;:&quot;middle&quot;,&quot;text_align&quot;:&quot;left&quot;,&quot;text_animation&quot;:&quot;&quot;}\"\n\t\t>\n<div class=\"sow-image-container\">\n\t\t<img \n\tsrc=\"https:\/\/koningendrenth.nl\/wp-content\/uploads\/2024\/01\/Industrie-720x400.jpg\" width=\"720\" height=\"400\" sizes=\"(max-width: 720px) 100vw, 720px\" alt=\"\" \t\tclass=\"so-widget-image\"\/>\n\t<\/div>\n\n<\/div><\/div><\/div><div id=\"pgc-4627-1-1\"  class=\"panel-grid-cell\" ><div id=\"panel-4627-1-1-0\" class=\"so-panel widget widget_sow-editor panel-first-child panel-last-child\" data-index=\"2\" ><div\n\t\t\t\n\t\t\tclass=\"so-widget-sow-editor so-widget-sow-editor-base\"\n\t\t\t\n\t\t>\n<div class=\"siteorigin-widget-tinymce textwidget\">\n\t<p><strong>Industrie<\/strong><\/p>\n<p>Mit Koning &amp; Drenth hat die Branche einen verl\u00e4sslichen Partner. Aus diesem Grund wird f\u00fcr einige Kunden ein spezieller Transport arrangiert. LKW-Kombinationen sind speziell f\u00fcr die Transportbed\u00fcrfnisse ausger\u00fcstet. Zum Beispiel fahren wir f\u00fcr einen Palettenhersteller mit Wechselsattelauflieger, damit das Be- und Entladen vom Transport ausgeschlossen wird. F\u00fcr ein Kraftwerk haben wir spezielle Schubbodenauflieger, die in 6 Minuten 100 m3 Holz freisetzen. Durch die Verwendung spezieller Schubbodenanh\u00e4nger f\u00fcr den Transport von Zuckerr\u00fcben kann Zuckerschnitzel zur\u00fcckgeladen werden.<\/p>\n<p><a href=\"https:\/\/koningendrenth.nl\/de\/angebot\/\"><u>Angebot anfordern &gt;<\/u><\/a><\/p>\n<\/div>\n<\/div><\/div><\/div><\/div><div id=\"pg-4627-2\"  class=\"panel-grid panel-no-style\" ><div id=\"pgc-4627-2-0\"  class=\"panel-grid-cell\" ><div id=\"panel-4627-2-0-0\" class=\"so-panel widget widget_sow-image panel-first-child\" data-index=\"3\" ><div\n\t\t\t\n\t\t\tclass=\"so-widget-sow-image so-widget-sow-image-default-8b5b6f678277-4627\"\n\t\t\t data-overlay-enabled=\"1\" data-overlay-settings=\"{&quot;enabled_for_widgets&quot;:[&quot;sow-image&quot;,&quot;sow-image-grid&quot;,&quot;sow-simple-masonry&quot;],&quot;theme&quot;:&quot;&quot;,&quot;show_delay&quot;:300,&quot;overlay_color&quot;:&quot;#000000&quot;,&quot;overlay_opacity&quot;:0.8,&quot;overlay_position&quot;:&quot;bottom&quot;,&quot;overlay_size&quot;:0.3,&quot;desktop_show_trigger&quot;:&quot;hover&quot;,&quot;touch_show_trigger&quot;:&quot;touch&quot;,&quot;responsive_breakpoint&quot;:&quot;1024px&quot;,&quot;responsive_breakpoint_unit&quot;:&quot;px&quot;,&quot;overlay_animation&quot;:&quot;fade&quot;,&quot;overlay_animation_onscreen&quot;:false,&quot;font_family&quot;:&quot;&quot;,&quot;text_size&quot;:&quot;15px&quot;,&quot;text_size_unit&quot;:&quot;px&quot;,&quot;text_color&quot;:&quot;#fff&quot;,&quot;text_padding&quot;:&quot;22px 22px 22px 22px&quot;,&quot;text_position&quot;:&quot;middle&quot;,&quot;text_align&quot;:&quot;left&quot;,&quot;text_animation&quot;:&quot;&quot;}\"\n\t\t>\n<div class=\"sow-image-container\">\n\t\t<img \n\tsrc=\"https:\/\/koningendrenth.nl\/wp-content\/uploads\/2024\/01\/Recycling-720x400.jpg\" width=\"720\" height=\"400\" sizes=\"(max-width: 720px) 100vw, 720px\" alt=\"\" \t\tclass=\"so-widget-image\"\/>\n\t<\/div>\n\n<\/div><\/div><div id=\"panel-4627-2-0-1\" class=\"so-panel widget widget_sow-editor panel-last-child\" data-index=\"4\" ><div\n\t\t\t\n\t\t\tclass=\"so-widget-sow-editor so-widget-sow-editor-base\"\n\t\t\t\n\t\t>\n<div class=\"siteorigin-widget-tinymce textwidget\">\n\t<p><strong>Recycling<\/strong><\/p>\n<p>Aufgrund der gro\u00dfen Flotte wird Koning &amp; Drenth h\u00e4ufig f\u00fcr den Transport von Recyclingmaterial eingesetzt. Bei der Freigabe gro\u00dfer Produktmengen ist Koning &amp; Drenth der richtige Transportpartner. Wir haben die erforderlichen Abfallgenehmigungen f\u00fcr die Niederlande, Flandern, Wallonien, Deutschland und England.<\/p>\n<p><a href=\"https:\/\/koningendrenth.nl\/de\/angebot\/\"><u>Angebot anfordern &gt;<\/u><\/a><\/p>\n<\/div>\n<\/div><\/div><\/div><div id=\"pgc-4627-2-1\"  class=\"panel-grid-cell\" ><div id=\"panel-4627-2-1-0\" class=\"so-panel widget widget_sow-image panel-first-child panel-last-child\" data-index=\"5\" ><div\n\t\t\t\n\t\t\tclass=\"so-widget-sow-image so-widget-sow-image-default-8b5b6f678277-4627\"\n\t\t\t data-overlay-enabled=\"1\" data-overlay-settings=\"{&quot;enabled_for_widgets&quot;:[&quot;sow-image&quot;,&quot;sow-image-grid&quot;,&quot;sow-simple-masonry&quot;],&quot;theme&quot;:&quot;&quot;,&quot;show_delay&quot;:300,&quot;overlay_color&quot;:&quot;#000000&quot;,&quot;overlay_opacity&quot;:0.8,&quot;overlay_position&quot;:&quot;bottom&quot;,&quot;overlay_size&quot;:0.3,&quot;desktop_show_trigger&quot;:&quot;hover&quot;,&quot;touch_show_trigger&quot;:&quot;touch&quot;,&quot;responsive_breakpoint&quot;:&quot;1024px&quot;,&quot;responsive_breakpoint_unit&quot;:&quot;px&quot;,&quot;overlay_animation&quot;:&quot;fade&quot;,&quot;overlay_animation_onscreen&quot;:false,&quot;font_family&quot;:&quot;&quot;,&quot;text_size&quot;:&quot;15px&quot;,&quot;text_size_unit&quot;:&quot;px&quot;,&quot;text_color&quot;:&quot;#fff&quot;,&quot;text_padding&quot;:&quot;22px 22px 22px 22px&quot;,&quot;text_position&quot;:&quot;middle&quot;,&quot;text_align&quot;:&quot;left&quot;,&quot;text_animation&quot;:&quot;&quot;}\"\n\t\t>\n<div class=\"sow-image-container\">\n\t\t<img \n\tsrc=\"https:\/\/koningendrenth.nl\/wp-content\/uploads\/2024\/01\/Recycling-720x400.jpg\" width=\"720\" height=\"400\" sizes=\"(max-width: 720px) 100vw, 720px\" alt=\"\" \t\tclass=\"so-widget-image\"\/>\n\t<\/div>\n\n<\/div><\/div><\/div><\/div><div id=\"pg-4627-3\"  class=\"panel-grid panel-no-style\" ><div id=\"pgc-4627-3-0\"  class=\"panel-grid-cell\" ><div id=\"panel-4627-3-0-0\" class=\"so-panel widget widget_sow-image panel-first-child panel-last-child\" data-index=\"6\" ><div\n\t\t\t\n\t\t\tclass=\"so-widget-sow-image so-widget-sow-image-default-4e6925654b7a-4627\"\n\t\t\t data-overlay-enabled=\"1\" data-overlay-settings=\"{&quot;enabled_for_widgets&quot;:[&quot;sow-image&quot;,&quot;sow-image-grid&quot;,&quot;sow-simple-masonry&quot;],&quot;theme&quot;:&quot;&quot;,&quot;show_delay&quot;:300,&quot;overlay_color&quot;:&quot;#000000&quot;,&quot;overlay_opacity&quot;:0.8,&quot;overlay_position&quot;:&quot;bottom&quot;,&quot;overlay_size&quot;:0.3,&quot;desktop_show_trigger&quot;:&quot;hover&quot;,&quot;touch_show_trigger&quot;:&quot;touch&quot;,&quot;responsive_breakpoint&quot;:&quot;1024px&quot;,&quot;responsive_breakpoint_unit&quot;:&quot;px&quot;,&quot;overlay_animation&quot;:&quot;fade&quot;,&quot;overlay_animation_onscreen&quot;:false,&quot;font_family&quot;:&quot;&quot;,&quot;text_size&quot;:&quot;15px&quot;,&quot;text_size_unit&quot;:&quot;px&quot;,&quot;text_color&quot;:&quot;#fff&quot;,&quot;text_padding&quot;:&quot;22px 22px 22px 22px&quot;,&quot;text_position&quot;:&quot;middle&quot;,&quot;text_align&quot;:&quot;left&quot;,&quot;text_animation&quot;:&quot;&quot;}\"\n\t\t>\n<div class=\"sow-image-container\">\n\t\t<img \n\tsrc=\"https:\/\/koningendrenth.nl\/wp-content\/uploads\/2024\/01\/ADR.png\" width=\"720\" height=\"400\" srcset=\"https:\/\/koningendrenth.nl\/wp-content\/uploads\/2024\/01\/ADR.png 720w, https:\/\/koningendrenth.nl\/wp-content\/uploads\/2024\/01\/ADR-300x167.png 300w\" sizes=\"(max-width: 720px) 100vw, 720px\" alt=\"\" \t\tclass=\"so-widget-image\"\/>\n\t<\/div>\n\n<\/div><\/div><\/div><div id=\"pgc-4627-3-1\"  class=\"panel-grid-cell\" ><div id=\"panel-4627-3-1-0\" class=\"so-panel widget widget_sow-editor panel-first-child panel-last-child\" data-index=\"7\" ><div\n\t\t\t\n\t\t\tclass=\"so-widget-sow-editor so-widget-sow-editor-base\"\n\t\t\t\n\t\t>\n<div class=\"siteorigin-widget-tinymce textwidget\">\n\t<p><strong>ADR<\/strong><\/p>\n<p>Unsere Fahrer sind gem\u00e4\u00df den ADR-Richtlinien f\u00fcr den Transport gef\u00e4hrlicher Abf\u00e4lle geschult. Unser Sicherheitsberater informiert uns \u00fcber die neuesten Richtlinien und stellt sicher, dass die Regeln eingehalten werden. F\u00fcr den Transport von und nach Deutschland besitzen wir das Formblatt Erlaubnis nach Abs. 54<\/p>\n<p><a href=\"https:\/\/koningendrenth.nl\/de\/angebot\/\"><u>Angebot anfordern &gt;<\/u><\/a><\/p>\n<\/div>\n<\/div><\/div><\/div><\/div><div id=\"pg-4627-4\"  class=\"panel-grid panel-no-style\" ><div id=\"pgc-4627-4-0\"  class=\"panel-grid-cell\" ><div id=\"panel-4627-4-0-0\" class=\"so-panel widget widget_sow-image panel-first-child\" data-index=\"8\" ><div\n\t\t\t\n\t\t\tclass=\"so-widget-sow-image so-widget-sow-image-default-8b5b6f678277-4627\"\n\t\t\t data-overlay-enabled=\"1\" data-overlay-settings=\"{&quot;enabled_for_widgets&quot;:[&quot;sow-image&quot;,&quot;sow-image-grid&quot;,&quot;sow-simple-masonry&quot;],&quot;theme&quot;:&quot;&quot;,&quot;show_delay&quot;:300,&quot;overlay_color&quot;:&quot;#000000&quot;,&quot;overlay_opacity&quot;:0.8,&quot;overlay_position&quot;:&quot;bottom&quot;,&quot;overlay_size&quot;:0.3,&quot;desktop_show_trigger&quot;:&quot;hover&quot;,&quot;touch_show_trigger&quot;:&quot;touch&quot;,&quot;responsive_breakpoint&quot;:&quot;1024px&quot;,&quot;responsive_breakpoint_unit&quot;:&quot;px&quot;,&quot;overlay_animation&quot;:&quot;fade&quot;,&quot;overlay_animation_onscreen&quot;:false,&quot;font_family&quot;:&quot;&quot;,&quot;text_size&quot;:&quot;15px&quot;,&quot;text_size_unit&quot;:&quot;px&quot;,&quot;text_color&quot;:&quot;#fff&quot;,&quot;text_padding&quot;:&quot;22px 22px 22px 22px&quot;,&quot;text_position&quot;:&quot;middle&quot;,&quot;text_align&quot;:&quot;left&quot;,&quot;text_animation&quot;:&quot;&quot;}\"\n\t\t>\n<div class=\"sow-image-container\">\n\t\t<img \n\tsrc=\"https:\/\/koningendrenth.nl\/wp-content\/uploads\/2024\/01\/Agrarisch-720x400.jpg\" width=\"720\" height=\"400\" sizes=\"(max-width: 720px) 100vw, 720px\" title=\"Agrarisch\" alt=\"\" \t\tclass=\"so-widget-image\"\/>\n\t<\/div>\n\n<\/div><\/div><div id=\"panel-4627-4-0-1\" class=\"so-panel widget widget_sow-editor panel-last-child\" data-index=\"9\" ><div\n\t\t\t\n\t\t\tclass=\"so-widget-sow-editor so-widget-sow-editor-base\"\n\t\t\t\n\t\t>\n<div class=\"siteorigin-widget-tinymce textwidget\">\n\t<p><strong>Landwirschaftlich<\/strong><\/p>\n<p>Aus der Vergangenheit gibt es eine enge Beziehung zum Agrarsektor. Gemeinsam mit Kunden entwickeln wir Logistikkonzepte, die Win-Win-Situationen liefern. Koning &amp; Drenth transportiert in diesem Bereich unter anderem Gr\u00fcnfutter, Zuckerr\u00fcben, Hanfholz und R\u00fcbenschnitzel. Einige unserer Fahrzeuge entsprechen den GMP-Vorschriften.<\/p>\n<p><a href=\"https:\/\/koningendrenth.nl\/de\/angebot\/\"><u>Angebot anfordern &gt;<\/u><\/a><\/p>\n<\/div>\n<\/div><\/div><\/div><div id=\"pgc-4627-4-1\"  class=\"panel-grid-cell\" ><div id=\"panel-4627-4-1-0\" class=\"so-panel widget widget_sow-image panel-first-child panel-last-child\" data-index=\"10\" ><div\n\t\t\t\n\t\t\tclass=\"so-widget-sow-image so-widget-sow-image-default-8b5b6f678277-4627\"\n\t\t\t data-overlay-enabled=\"1\" data-overlay-settings=\"{&quot;enabled_for_widgets&quot;:[&quot;sow-image&quot;,&quot;sow-image-grid&quot;,&quot;sow-simple-masonry&quot;],&quot;theme&quot;:&quot;&quot;,&quot;show_delay&quot;:300,&quot;overlay_color&quot;:&quot;#000000&quot;,&quot;overlay_opacity&quot;:0.8,&quot;overlay_position&quot;:&quot;bottom&quot;,&quot;overlay_size&quot;:0.3,&quot;desktop_show_trigger&quot;:&quot;hover&quot;,&quot;touch_show_trigger&quot;:&quot;touch&quot;,&quot;responsive_breakpoint&quot;:&quot;1024px&quot;,&quot;responsive_breakpoint_unit&quot;:&quot;px&quot;,&quot;overlay_animation&quot;:&quot;fade&quot;,&quot;overlay_animation_onscreen&quot;:false,&quot;font_family&quot;:&quot;&quot;,&quot;text_size&quot;:&quot;15px&quot;,&quot;text_size_unit&quot;:&quot;px&quot;,&quot;text_color&quot;:&quot;#fff&quot;,&quot;text_padding&quot;:&quot;22px 22px 22px 22px&quot;,&quot;text_position&quot;:&quot;middle&quot;,&quot;text_align&quot;:&quot;left&quot;,&quot;text_animation&quot;:&quot;&quot;}\"\n\t\t>\n<div class=\"sow-image-container\">\n\t\t<img \n\tsrc=\"https:\/\/koningendrenth.nl\/wp-content\/uploads\/2024\/01\/Agrarisch-720x400.jpg\" width=\"720\" height=\"400\" sizes=\"(max-width: 720px) 100vw, 720px\" title=\"Agrarisch\" alt=\"\" \t\tclass=\"so-widget-image\"\/>\n\t<\/div>\n\n<\/div><\/div><\/div><\/div><\/div>","protected":false},"excerpt":{"rendered":"<p>Industrie Mit Koning &amp; Drenth hat die Branche einen verl\u00e4sslichen Partner. Aus diesem Grund wird f\u00fcr einige Kunden ein spezieller Transport arrangiert. LKW-Kombinationen sind speziell f\u00fcr die Transportbed\u00fcrfnisse ausger\u00fcstet. Zum Beispiel fahren wir f\u00fcr einen Palettenhersteller mit Wechselsattelauflieger, damit das Be- und Entladen vom Transport ausgeschlossen wird. F\u00fcr ein Kraftwerk haben wir spezielle Schubbodenauflieger, die [&hellip;]<\/p>\n","protected":false},"author":5,"featured_media":0,"parent":0,"menu_order":0,"comment_status":"closed","ping_status":"closed","template":"","meta":{"_acf_changed":false,"_genesis_hide_title":false,"_genesis_hide_breadcrumbs":false,"_genesis_hide_singular_image":false,"_genesis_hide_footer_widgets":false,"_genesis_custom_body_class":"","_genesis_custom_post_class":"","_genesis_layout":"","footnotes":""},"class_list":{"0":"post-4627","1":"page","2":"type-page","3":"status-publish","5":"entry"},"acf":[],"_links":{"self":[{"href":"https:\/\/koningendrenth.nl\/de\/wp-json\/wp\/v2\/pages\/4627","targetHints":{"allow":["GET"]}}],"collection":[{"href":"https:\/\/koningendrenth.nl\/de\/wp-json\/wp\/v2\/pages"}],"about":[{"href":"https:\/\/koningendrenth.nl\/de\/wp-json\/wp\/v2\/types\/page"}],"author":[{"embeddable":true,"href":"https:\/\/koningendrenth.nl\/de\/wp-json\/wp\/v2\/users\/5"}],"replies":[{"embeddable":true,"href":"https:\/\/koningendrenth.nl\/de\/wp-json\/wp\/v2\/comments?post=4627"}],"version-history":[{"count":0,"href":"https:\/\/koningendrenth.nl\/de\/wp-json\/wp\/v2\/pages\/4627\/revisions"}],"wp:attachment":[{"href":"https:\/\/koningendrenth.nl\/de\/wp-json\/wp\/v2\/media?parent=4627"}],"curies":[{"name":"wp","href":"https:\/\/api.w.org\/{rel}","templated":true}]}}