{"id":4623,"date":"2021-02-03T14:12:41","date_gmt":"2021-02-03T13:12:41","guid":{"rendered":"https:\/\/koningendrenth.nl\/containerauflieger\/"},"modified":"2021-11-05T06:49:16","modified_gmt":"2021-11-05T05:49:16","slug":"containerauflieger","status":"publish","type":"page","link":"https:\/\/koningendrenth.nl\/de\/containerauflieger\/","title":{"rendered":"Containerauflieger"},"content":{"rendered":"<div id=\"pl-4623\"  class=\"panel-layout\" ><div id=\"pg-4623-0\"  class=\"panel-grid panel-has-style\" ><div class=\"panel-row-style panel-row-style-for-4623-0\" ><div id=\"pgc-4623-0-0\"  class=\"panel-grid-cell\" ><div id=\"panel-4623-0-0-0\" class=\"so-panel widget widget_sow-editor panel-first-child\" data-index=\"0\" ><div\n\t\t\t\n\t\t\tclass=\"so-widget-sow-editor so-widget-sow-editor-base\"\n\t\t\t\n\t\t>\n<div class=\"siteorigin-widget-tinymce textwidget\">\n\t<h1>Containerauflieger<\/h1>\n<p>Dieses Fahrzeug ist besonders gut f\u00fcr den Transport sowohl von feinerem als auch groberem Sch\u00fcttgut geeignet.<\/p>\n<p>Der gro\u00dfe Vorteil besteht darin, dass auch dort geladen werden kann, wo kein Umschlagkran oder Schaufellader zur Verf\u00fcgung steht oder wo f\u00fcr eine Zugmaschine mit Auflieger zu wenig Platz ist.<\/p>\n<\/div>\n<\/div><\/div><div id=\"panel-4623-0-0-1\" class=\"so-panel widget panel-last-child\" data-index=\"1\" ><\/div><\/div><div id=\"pgc-4623-0-1\"  class=\"panel-grid-cell\" ><div id=\"panel-4623-0-1-0\" class=\"so-panel widget widget_sow-image panel-first-child panel-last-child\" data-index=\"2\" ><div\n\t\t\t\n\t\t\tclass=\"so-widget-sow-image so-widget-sow-image-default-8b5b6f678277-4623\"\n\t\t\t data-overlay-enabled=\"1\" data-overlay-settings=\"{&quot;enabled_for_widgets&quot;:[&quot;sow-image&quot;,&quot;sow-image-grid&quot;,&quot;sow-simple-masonry&quot;],&quot;theme&quot;:&quot;&quot;,&quot;show_delay&quot;:300,&quot;overlay_color&quot;:&quot;#000000&quot;,&quot;overlay_opacity&quot;:0.8,&quot;overlay_position&quot;:&quot;bottom&quot;,&quot;overlay_size&quot;:0.3,&quot;desktop_show_trigger&quot;:&quot;hover&quot;,&quot;touch_show_trigger&quot;:&quot;touch&quot;,&quot;responsive_breakpoint&quot;:&quot;1024px&quot;,&quot;responsive_breakpoint_unit&quot;:&quot;px&quot;,&quot;overlay_animation&quot;:&quot;fade&quot;,&quot;overlay_animation_onscreen&quot;:false,&quot;font_family&quot;:&quot;&quot;,&quot;text_size&quot;:&quot;15px&quot;,&quot;text_size_unit&quot;:&quot;px&quot;,&quot;text_color&quot;:&quot;#fff&quot;,&quot;text_padding&quot;:&quot;22px 22px 22px 22px&quot;,&quot;text_position&quot;:&quot;middle&quot;,&quot;text_align&quot;:&quot;left&quot;,&quot;text_animation&quot;:&quot;&quot;}\"\n\t\t>\n<div class=\"sow-image-container\">\n\t\t<img \n\tsrc=\"https:\/\/koningendrenth.nl\/wp-content\/uploads\/2021\/10\/thumbnail_IMG_1801.jpg\" width=\"640\" height=\"480\" srcset=\"https:\/\/koningendrenth.nl\/wp-content\/uploads\/2021\/10\/thumbnail_IMG_1801.jpg 640w, https:\/\/koningendrenth.nl\/wp-content\/uploads\/2021\/10\/thumbnail_IMG_1801-300x225.jpg 300w\" sizes=\"(max-width: 640px) 100vw, 640px\" alt=\"DTC containerauto\" \t\tclass=\"so-widget-image\"\/>\n\t<\/div>\n\n<\/div><\/div><\/div><\/div><\/div><div id=\"pg-4623-1\"  class=\"panel-grid panel-has-style\" ><div class=\"siteorigin-panels-stretch panel-row-style panel-row-style-for-4623-1\" data-stretch-type=\"full\" ><div id=\"pgc-4623-1-0\"  class=\"panel-grid-cell\" ><div id=\"panel-4623-1-0-0\" class=\"so-panel widget widget_sow-headline panel-first-child panel-last-child\" data-index=\"3\" ><div\n\t\t\t\n\t\t\tclass=\"so-widget-sow-headline so-widget-sow-headline-default-a7238520cc24-4623\"\n\t\t\t\n\t\t><div class=\"sow-headline-container \">\n\t\t\t\t\t\t\t<h2 class=\"sow-headline\">\n\t\t\t\t\t\tWie wird er eingesetzt?\t\t\t\t\t\t<\/h2>\n\t\t\t\t\t\t\t\t\t\t\t<div class=\"decoration\">\n\t\t\t\t\t\t<div class=\"decoration-inside\"><\/div>\n\t\t\t\t\t<\/div>\n\t\t\t\t\t<\/div>\n<\/div><\/div><\/div><\/div><\/div><div id=\"pg-4623-2\"  class=\"panel-grid panel-has-style\" ><div class=\"siteorigin-panels-stretch panel-row-style panel-row-style-for-4623-2\" data-stretch-type=\"full\" ><div id=\"pgc-4623-2-0\"  class=\"panel-grid-cell\" ><div id=\"panel-4623-2-0-0\" class=\"so-panel widget widget_sow-editor panel-first-child panel-last-child\" data-index=\"4\" ><div class=\"checkbox-ul  panel-widget-style panel-widget-style-for-4623-2-0-0\" ><div\n\t\t\t\n\t\t\tclass=\"so-widget-sow-editor so-widget-sow-editor-base\"\n\t\t\t\n\t\t>\n<div class=\"siteorigin-widget-tinymce textwidget\">\n\t<p>Bei diesem Fahrzeug werden keine Seecontainer verwendet sondern Abrollcontainer. Der Lkw hat einen Anh\u00e4nger und ist mit einem Hakenarm ausgestattet. So k\u00f6nnen die Abrollbeh\u00e4lter problemlos am richtigen Ort abgesetzt werden,<\/p>\n<p>vor allem auch dort, wo beispielsweise kein Umschlagkran oder Schaufellader zum Laden zur Verf\u00fcgung steht, oder wo f\u00fcr eine Zugmaschine mit Auflieger zu wenig Platz ist.<\/p>\n<p>Durch den Einsatz von mehreren Abrollbeh\u00e4ltern k\u00f6nnen diese abwechselnd genutzt werden, beispielsweise bei l\u00e4ngeren Ladevorg\u00e4ngen (z.\u00a0B. unter einem F\u00f6rderband) oder beim Be- oder Entladen an einem Zeitpunkt nach Wahl.<\/p>\n<p>Zudem kann in diesen Beh\u00e4ltern groberes Material geladen werden als auf einem Schubboden.<\/p>\n<p>Dank seinem langen Fahrgestell kann unser Containerauflieger Volumina bis zu 47,5\u00a0m3 transportieren. Andererseits ist dieses Fahrzeug im Leerzustand schon 7 bis 8 Tonnen schwerer als ein Auflieger mit Schubboden. Inbesondere bei Transporten Richtung Deutschland, wo das H\u00f6chstgewicht 40 Tonnen betr\u00e4gt, liegen die Transportkosten pro Tonne deutlich h\u00f6her als bei einem Auflieger mit Schubboden. Wird dabei noch der h\u00f6here Selbstkostenpreis ber\u00fccksichtigt, ist schnell klar, dass die Wahl eines Containeraufliegers gut \u00fcberlegt sein will.<\/p>\n<p><span style=\"text-decoration: underline;\"><a href=\"https:\/\/koningendrenth.nl\/de\/angebot\/\">Fordern Sie hier Ihr Angebot an &gt;<\/a><\/span><\/p>\n<p>&nbsp;<\/p>\n<\/div>\n<\/div><\/div><\/div><\/div><\/div><\/div><div id=\"pg-4623-3\"  class=\"panel-grid panel-has-style\" ><div class=\"siteorigin-panels-stretch panel-row-style panel-row-style-for-4623-3\" data-stretch-type=\"full\" ><div id=\"pgc-4623-3-0\"  class=\"panel-grid-cell\" ><div id=\"panel-4623-3-0-0\" class=\"so-panel widget widget_sow-headline panel-first-child panel-last-child\" data-index=\"5\" ><div\n\t\t\t\n\t\t\tclass=\"so-widget-sow-headline so-widget-sow-headline-default-40d925011d57-4623\"\n\t\t\t\n\t\t><div class=\"sow-headline-container \">\n\t\t\t\t\t\t\t<h1 class=\"sow-headline\">\n\t\t\t\t\t\tKontakt\t\t\t\t\t\t<\/h1>\n\t\t\t\t\t\t<\/div>\n<\/div><\/div><\/div><\/div><\/div><div id=\"pg-4623-4\"  class=\"panel-grid panel-has-style\" ><div class=\"siteorigin-panels-stretch panel-row-style panel-row-style-for-4623-4\" data-stretch-type=\"full\" ><div id=\"pgc-4623-4-0\"  class=\"panel-grid-cell\" ><div id=\"panel-4623-4-0-0\" class=\"so-panel widget widget_sow-image panel-first-child\" data-index=\"6\" ><div\n\t\t\t\n\t\t\tclass=\"so-widget-sow-image so-widget-sow-image-default-c67d20f9f743-4623\"\n\t\t\t data-overlay-enabled=\"1\" data-overlay-settings=\"{&quot;enabled_for_widgets&quot;:[&quot;sow-image&quot;,&quot;sow-image-grid&quot;,&quot;sow-simple-masonry&quot;],&quot;theme&quot;:&quot;&quot;,&quot;show_delay&quot;:300,&quot;overlay_color&quot;:&quot;#000000&quot;,&quot;overlay_opacity&quot;:0.8,&quot;overlay_position&quot;:&quot;bottom&quot;,&quot;overlay_size&quot;:0.3,&quot;desktop_show_trigger&quot;:&quot;hover&quot;,&quot;touch_show_trigger&quot;:&quot;touch&quot;,&quot;responsive_breakpoint&quot;:&quot;1024px&quot;,&quot;responsive_breakpoint_unit&quot;:&quot;px&quot;,&quot;overlay_animation&quot;:&quot;fade&quot;,&quot;overlay_animation_onscreen&quot;:false,&quot;font_family&quot;:&quot;&quot;,&quot;text_size&quot;:&quot;15px&quot;,&quot;text_size_unit&quot;:&quot;px&quot;,&quot;text_color&quot;:&quot;#fff&quot;,&quot;text_padding&quot;:&quot;22px 22px 22px 22px&quot;,&quot;text_position&quot;:&quot;middle&quot;,&quot;text_align&quot;:&quot;left&quot;,&quot;text_animation&quot;:&quot;&quot;}\"\n\t\t>\n<div class=\"sow-image-container\">\n\t\t<img \n\tsrc=\"https:\/\/koningendrenth.nl\/wp-content\/uploads\/2021\/10\/rsz_studio_charles-dtc-14-600x400.png\" width=\"600\" height=\"400\" srcset=\"https:\/\/koningendrenth.nl\/wp-content\/uploads\/2021\/10\/rsz_studio_charles-dtc-14-e1634736872581.png 600w, https:\/\/koningendrenth.nl\/wp-content\/uploads\/2021\/10\/rsz_studio_charles-dtc-14-300x200.png 300w, https:\/\/koningendrenth.nl\/wp-content\/uploads\/2021\/10\/rsz_studio_charles-dtc-14-1024x683.png 1024w, https:\/\/koningendrenth.nl\/wp-content\/uploads\/2021\/10\/rsz_studio_charles-dtc-14-768x512.png 768w, https:\/\/koningendrenth.nl\/wp-content\/uploads\/2021\/10\/rsz_studio_charles-dtc-14-1800x1200.png 1800w, https:\/\/koningendrenth.nl\/wp-content\/uploads\/2021\/10\/rsz_studio_charles-dtc-14-1536x1024.png 1536w, https:\/\/koningendrenth.nl\/wp-content\/uploads\/2021\/10\/rsz_studio_charles-dtc-14-2048x1365.png 2048w, https:\/\/koningendrenth.nl\/wp-content\/uploads\/2021\/10\/rsz_studio_charles-dtc-14-272x182.png 272w\" sizes=\"(max-width: 600px) 100vw, 600px\" title=\"portretfoto louw van der west\" alt=\"portretfoto louw van der west\" \t\tclass=\"so-widget-image\"\/>\n\t<\/div>\n\n<\/div><\/div><div id=\"panel-4623-4-0-1\" class=\"so-panel widget widget_sow-editor panel-last-child\" data-index=\"7\" ><div\n\t\t\t\n\t\t\tclass=\"so-widget-sow-editor so-widget-sow-editor-base\"\n\t\t\t\n\t\t>\n<div class=\"siteorigin-widget-tinymce textwidget\">\n\t<h3 style=\"text-align: center;\">Louw van der west<\/h3>\n<p style=\"text-align: center;\">Finanzdirektor<\/p>\n<p style=\"text-align: center;\"><span style=\"text-decoration: underline;\"><a href=\"mailto:Louw@dtcsurhuisterveen.nl\">Louw@dtcsurhuisterveen.nl<\/a><\/span><\/p>\n<\/div>\n<\/div><\/div><\/div><div id=\"pgc-4623-4-1\"  class=\"panel-grid-cell\" ><div id=\"panel-4623-4-1-0\" class=\"so-panel widget widget_sow-image panel-first-child\" data-index=\"8\" ><div\n\t\t\t\n\t\t\tclass=\"so-widget-sow-image so-widget-sow-image-default-c67d20f9f743-4623\"\n\t\t\t data-overlay-enabled=\"1\" data-overlay-settings=\"{&quot;enabled_for_widgets&quot;:[&quot;sow-image&quot;,&quot;sow-image-grid&quot;,&quot;sow-simple-masonry&quot;],&quot;theme&quot;:&quot;&quot;,&quot;show_delay&quot;:300,&quot;overlay_color&quot;:&quot;#000000&quot;,&quot;overlay_opacity&quot;:0.8,&quot;overlay_position&quot;:&quot;bottom&quot;,&quot;overlay_size&quot;:0.3,&quot;desktop_show_trigger&quot;:&quot;hover&quot;,&quot;touch_show_trigger&quot;:&quot;touch&quot;,&quot;responsive_breakpoint&quot;:&quot;1024px&quot;,&quot;responsive_breakpoint_unit&quot;:&quot;px&quot;,&quot;overlay_animation&quot;:&quot;fade&quot;,&quot;overlay_animation_onscreen&quot;:false,&quot;font_family&quot;:&quot;&quot;,&quot;text_size&quot;:&quot;15px&quot;,&quot;text_size_unit&quot;:&quot;px&quot;,&quot;text_color&quot;:&quot;#fff&quot;,&quot;text_padding&quot;:&quot;22px 22px 22px 22px&quot;,&quot;text_position&quot;:&quot;middle&quot;,&quot;text_align&quot;:&quot;left&quot;,&quot;text_animation&quot;:&quot;&quot;}\"\n\t\t>\n<div class=\"sow-image-container\">\n\t\t<img \n\tsrc=\"https:\/\/koningendrenth.nl\/wp-content\/uploads\/2021\/10\/rsz_studio_charles-dtc-06-600x400.png\" width=\"600\" height=\"400\" srcset=\"https:\/\/koningendrenth.nl\/wp-content\/uploads\/2021\/10\/rsz_studio_charles-dtc-06-e1634029745421.png 600w, https:\/\/koningendrenth.nl\/wp-content\/uploads\/2021\/10\/rsz_studio_charles-dtc-06-300x200.png 300w, https:\/\/koningendrenth.nl\/wp-content\/uploads\/2021\/10\/rsz_studio_charles-dtc-06-1024x683.png 1024w, https:\/\/koningendrenth.nl\/wp-content\/uploads\/2021\/10\/rsz_studio_charles-dtc-06-768x512.png 768w, https:\/\/koningendrenth.nl\/wp-content\/uploads\/2021\/10\/rsz_studio_charles-dtc-06-1800x1200.png 1800w, https:\/\/koningendrenth.nl\/wp-content\/uploads\/2021\/10\/rsz_studio_charles-dtc-06-1536x1024.png 1536w, https:\/\/koningendrenth.nl\/wp-content\/uploads\/2021\/10\/rsz_studio_charles-dtc-06-2048x1365.png 2048w, https:\/\/koningendrenth.nl\/wp-content\/uploads\/2021\/10\/rsz_studio_charles-dtc-06-272x182.png 272w\" sizes=\"(max-width: 600px) 100vw, 600px\" alt=\"portretfoto tom\" \t\tclass=\"so-widget-image\"\/>\n\t<\/div>\n\n<\/div><\/div><div id=\"panel-4623-4-1-1\" class=\"so-panel widget widget_sow-editor panel-last-child\" data-index=\"9\" ><div\n\t\t\t\n\t\t\tclass=\"so-widget-sow-editor so-widget-sow-editor-base\"\n\t\t\t\n\t\t>\n<div class=\"siteorigin-widget-tinymce textwidget\">\n\t<h3 style=\"text-align: center;\">Tom bartol<\/h3>\n<p style=\"text-align: center;\">Planung<\/p>\n<p style=\"text-align: center;\"><span style=\"text-decoration: underline;\"><a href=\"mailto:tom@dtcsurhuisterveen.nl\">Tom@dtcsurhuisterveen.nl<\/a><\/span><\/p>\n<\/div>\n<\/div><\/div><\/div><\/div><\/div><div id=\"pg-4623-5\"  class=\"panel-grid panel-has-style\" ><div class=\"siteorigin-panels-stretch panel-row-style panel-row-style-for-4623-5\" data-stretch-type=\"full-stretched\" ><div id=\"pgc-4623-5-0\"  class=\"panel-grid-cell\" ><div id=\"panel-4623-5-0-0\" class=\"so-panel widget widget_so-premium-mirror-widget panel-first-child panel-last-child\" data-index=\"10\" ><div\n\t\t\t\n\t\t\tclass=\"so-widget-so-premium-mirror-widget so-widget-so-premium-mirror-widget-default-d75171398898-4623\"\n\t\t\t\n\t\t><\/div><\/div><\/div><\/div><\/div><\/div>","protected":false},"excerpt":{"rendered":"<p>Containerauflieger Dieses Fahrzeug ist besonders gut f\u00fcr den Transport sowohl von feinerem als auch groberem Sch\u00fcttgut geeignet. Der gro\u00dfe Vorteil besteht darin, dass auch dort geladen werden kann, wo kein Umschlagkran oder Schaufellader zur Verf\u00fcgung steht oder wo f\u00fcr eine Zugmaschine mit Auflieger zu wenig Platz ist.<\/p>\n","protected":false},"author":5,"featured_media":0,"parent":0,"menu_order":0,"comment_status":"closed","ping_status":"closed","template":"","meta":{"_acf_changed":false,"_genesis_hide_title":false,"_genesis_hide_breadcrumbs":false,"_genesis_hide_singular_image":false,"_genesis_hide_footer_widgets":false,"_genesis_custom_body_class":"","_genesis_custom_post_class":"","_genesis_layout":"","footnotes":""},"class_list":{"0":"post-4623","1":"page","2":"type-page","3":"status-publish","5":"entry"},"acf":[],"_links":{"self":[{"href":"https:\/\/koningendrenth.nl\/de\/wp-json\/wp\/v2\/pages\/4623","targetHints":{"allow":["GET"]}}],"collection":[{"href":"https:\/\/koningendrenth.nl\/de\/wp-json\/wp\/v2\/pages"}],"about":[{"href":"https:\/\/koningendrenth.nl\/de\/wp-json\/wp\/v2\/types\/page"}],"author":[{"embeddable":true,"href":"https:\/\/koningendrenth.nl\/de\/wp-json\/wp\/v2\/users\/5"}],"replies":[{"embeddable":true,"href":"https:\/\/koningendrenth.nl\/de\/wp-json\/wp\/v2\/comments?post=4623"}],"version-history":[{"count":0,"href":"https:\/\/koningendrenth.nl\/de\/wp-json\/wp\/v2\/pages\/4623\/revisions"}],"wp:attachment":[{"href":"https:\/\/koningendrenth.nl\/de\/wp-json\/wp\/v2\/media?parent=4623"}],"curies":[{"name":"wp","href":"https:\/\/api.w.org\/{rel}","templated":true}]}}